{"id":1240,"date":"2020-07-06T13:33:36","date_gmt":"2020-07-06T13:33:36","guid":{"rendered":"https:\/\/notes2conf.de\/impressum\/"},"modified":"2020-10-12T14:34:12","modified_gmt":"2020-10-12T12:34:12","slug":"imprint","status":"publish","type":"page","link":"https:\/\/notes2conf.de\/en\/imprint\/","title":{"rendered":"imprint"},"content":{"rendered":"[vc_row][vc_column width=&#8221;1\/2&#8243;][vc_column_text css=&#8221;.vc_custom_1598353575594{padding-top: 10px !important;padding-right: 10px !important;padding-bottom: 10px !important;padding-left: 10px !important;background-color: #f9f9f9 !important;}&#8221;]<strong>Notes2conf.de ist ein Projekt von:<\/strong><\/p>\n<p><strong>Diensteanbieter:<\/strong>\u00a0Dacher Systems GmbH<br \/>\n<strong>Registiert unter:<\/strong>\u00a0HRB Berlin Charlottenburg 99129<br \/>\n<strong>Gesch\u00e4ftsf\u00fchrer:<\/strong>\u00a0Tiberius Dacher<\/p>\n<p><strong>Anschrift:\u00a0<\/strong>Seeburger Str 25c 13581 Berlin<br \/>\n<strong>elektronische Postadresse:<\/strong>\u00a0<span id=\"cloakadda124cbc676c5401ad9fcbfa9762af\"><a href=\"mailto:info@dacher-systems.de\">info@dacher-systems.de<\/a><\/span><\/p>\n<p><strong>Schnelle elektronische und unmittelbare Kommunikation:<\/strong><br \/>\nTel: +49 (0)30 \u2013 3980091-0;<br \/>\nFax: +49 (0)30 \u2013 3980091-29<\/p>\n<p><strong>Umsatzsteueridentifikationsnummer<\/strong>: DE245019841<br \/>\n<strong>Journalistisch-redaktionelle Verantwortung :<\/strong>\u00a0Tiberius Dacher<br \/>\n<strong>Verantwortliche Ansprechperson:<\/strong>\u00a0Tiberius Dacher<\/p>\n<p><strong>Kontaktadresse<\/strong><br \/>\nDacher Systems GmbH<br \/>\nSeeburger Str 25c<br \/>\n13581 Berlin \/ Deutschland<\/p>\n<p>Tel: +49 (0)30 \u2013 3980091-0<br \/>\nFax: +49 (0)30 \u2013 3980091-29[\/vc_column_text][\/vc_column][vc_column width=&#8221;1\/2&#8243;][\/vc_column][\/vc_row][vc_row][vc_column width=&#8221;1\/2&#8243;][vc_column_text]<strong>Abgrenzung:<\/strong>\u00a0Die Web-Pr\u00e4senz ist Teil des WWW und dementsprechend mit fremden, sich jederzeit wandeln k\u00f6nnenden Web-Sites verkn\u00fcpft, die folglich auch nicht diesem Verantwortungsbereich unterliegen und f\u00fcr die nachfolgende Informationen nicht gelten. Dass die Links weder gegen Sitten noch Gesetze versto\u00dfen, wurde genau ein mal gepr\u00fcft: bevor sie hier aufgenommen wurden. Solche Links, die zu fremden Webprojekten f\u00fchren, erkennen Sie daran: es geht ein neues Browserfenster auf<\/p>\n<p><strong>Urheberschutz und Nutzung<\/strong><br \/>\nDer Urheber r\u00e4umt Ihnen ganz konkret das Nutzungsrecht ein, sich eine private Kopie f\u00fcr pers\u00f6nliche Zwecke anzufertigen. Nicht berechtigt sind Sie dagegen, die Materialien zu ver\u00e4ndern und \/oder weiter zu geben oder gar selbst zu ver\u00f6ffentlichen. Wenn nicht ausdr\u00fccklich anders vermerkt, liegen die Urheberrechte f\u00fcr Texte bei: Tiberius Dacher<\/p>\n<p>Die meisten\u00a0<strong>Illustrationen<\/strong>\u00a0unterliegen den Urheberrechten von: Dacher Systems GmbH<\/p>\n<p><strong>Datenschutz<\/strong>\u00a0Personenbezogene Daten werden nur mit Ihrem Wissen und Ihrer Einwilligung erhoben. Auf Antrag erhalten Sie unentgeltlich Auskunft zu den \u00fcber Sie gespeicherten personenbezogenen Daten. Wenden Sie sich dazu bitte an: Tiberius Dacher;\u00a0<span id=\"cloak20b6dbb297b1edc9131a4b503a0664ef\"><a href=\"mailto:td@dacher-systems.detd\">td@dacher-systems.detd<\/a><\/span>@dacher-systems.de[\/vc_column_text][\/vc_column][vc_column width=&#8221;1\/2&#8243;][vc_column_text]<strong>Keine Haftung:<\/strong>\u00a0Die Inhalte dieses Webprojektes wurden sorgf\u00e4ltig gepr\u00fcft und nach bestem Wissen erstellt. Aber f\u00fcr die hier dargebotenen Informationen wird kein Anspruch auf Vollst\u00e4ndigkeit, Aktualit\u00e4t, Qualit\u00e4t und Richtigkeit erhoben. Es kann keine Verantwortung f\u00fcr Sch\u00e4den \u00fcbernommen werden, die durch das Vertrauen auf die Inhalte dieser Website oder deren Gebrauch entstehen.<\/p>\n<p><strong>Schutzrechtsverletzung:<\/strong>\u00a0Falls Sie vermuten, dass von dieser Website aus eines Ihrer Schutzrechte verletzt wird, teilen Sie das bitte umgehend per elektronischer Post mit, damit z\u00fcgig Abhilfe geschafft werden kann. Bitte nehmen Sie zur Kenntnis: Die zeitaufw\u00e4ndigere Einschaltung eines Anwaltes zur f\u00fcr den Diensteanbieter kostenpflichtigen Abmahnung entspricht nicht dessen wirklichen oder mutma\u00dflichen Willen.<\/p>\n<p><strong>\u00a9 CopyRight:<\/strong>\u00a0Wir weisen darauf hin, dass jegliche Weiterleitung und -verteilung der pdf-Ausgaben aus Copyright-Gr\u00fcnden nicht gestattet ist. Jede elektronische Kopie (auch im Rahmen eines E-Mail-Verteilers) ist geb\u00fchrenpflichtig und bedarf einer schriftlichen Genehmigung. Eine Bereitstellung der Ausgaben auf einem Netzwerkserver oder im hauseigenen Intranet mit dem Ziel, mehrere Leser in den Genuss der Informationen zu bringen, ist nicht zul\u00e4ssig.[\/vc_column_text][\/vc_column][\/vc_row]\n","protected":false},"excerpt":{"rendered":"<p>[vc_row][vc_column width=&#8221;1\/2&#8243;][vc_column_text css=&#8221;.vc_custom_1598353575594{padding-top: 10px !important;padding-right: 10px !important;padding-bottom: 10px !important;padding-left: 10px !important;background-color: #f9f9f9 !important;}&#8221;]Notes2conf.de ist ein Projekt von: Diensteanbieter:\u00a0Dacher Systems GmbH Registiert unter:\u00a0HRB Berlin Charlottenburg 99129 Gesch\u00e4ftsf\u00fchrer:\u00a0Tiberius Dacher Anschrift:\u00a0Seeburger Str 25c 13581 Berlin elektronische Postadresse:\u00a0info@dacher-systems.de Schnelle elektronische und unmittelbare Kommunikation: Tel:&hellip;<\/p>\n","protected":false},"author":1,"featured_media":0,"parent":0,"menu_order":0,"comment_status":"closed","ping_status":"closed","template":"","meta":{"footnotes":""},"class_list":["post-1240","page","type-page","status-publish","hentry","entry","no-media"],"yoast_head":"<!-- This site is optimized with the Yoast SEO Premium plugin v25.5 (Yoast SEO v27.3) - https:\/\/yoast.com\/product\/yoast-seo-premium-wordpress\/ -->\n<title>imprint - Notes2conf<\/title>\n<meta name=\"robots\" content=\"index, follow, max-snippet:-1, max-image-preview:large, max-video-preview:-1\" \/>\n<link rel=\"canonical\" href=\"https:\/\/notes2conf.de\/en\/imprint\/\" \/>\n<meta property=\"og:locale\" content=\"en_US\" \/>\n<meta property=\"og:type\" content=\"article\" \/>\n<meta property=\"og:title\" content=\"imprint\" \/>\n<meta property=\"og:description\" content=\"[vc_row][vc_column width=&#8221;1\/2&#8243;][vc_column_text css=&#8221;.vc_custom_1598353575594{padding-top: 10px !important;padding-right: 10px !important;padding-bottom: 10px !important;padding-left: 10px !important;background-color: #f9f9f9 !important;}&#8221;]Notes2conf.de ist ein Projekt von: Diensteanbieter:\u00a0Dacher Systems GmbH Registiert unter:\u00a0HRB Berlin Charlottenburg 99129 Gesch\u00e4ftsf\u00fchrer:\u00a0Tiberius Dacher Anschrift:\u00a0Seeburger Str 25c 13581 Berlin elektronische Postadresse:\u00a0info@dacher-systems.de Schnelle elektronische und unmittelbare Kommunikation: Tel:&hellip;\" \/>\n<meta property=\"og:url\" content=\"https:\/\/notes2conf.de\/en\/imprint\/\" \/>\n<meta property=\"og:site_name\" content=\"Notes2conf\" \/>\n<meta property=\"article:modified_time\" content=\"2020-10-12T12:34:12+00:00\" \/>\n<meta name=\"twitter:card\" content=\"summary_large_image\" \/>\n<meta name=\"twitter:label1\" content=\"Est. reading time\" \/>\n\t<meta name=\"twitter:data1\" content=\"2 minutes\" \/>\n<script type=\"application\/ld+json\" class=\"yoast-schema-graph\">{\"@context\":\"https:\\\/\\\/schema.org\",\"@graph\":[{\"@type\":\"WebPage\",\"@id\":\"https:\\\/\\\/notes2conf.de\\\/en\\\/imprint\\\/\",\"url\":\"https:\\\/\\\/notes2conf.de\\\/en\\\/imprint\\\/\",\"name\":\"imprint - Notes2conf\",\"isPartOf\":{\"@id\":\"https:\\\/\\\/notes2conf.de\\\/en\\\/#website\"},\"datePublished\":\"2020-07-06T13:33:36+00:00\",\"dateModified\":\"2020-10-12T12:34:12+00:00\",\"breadcrumb\":{\"@id\":\"https:\\\/\\\/notes2conf.de\\\/en\\\/imprint\\\/#breadcrumb\"},\"inLanguage\":\"en-US\",\"potentialAction\":[{\"@type\":\"ReadAction\",\"target\":[\"https:\\\/\\\/notes2conf.de\\\/en\\\/imprint\\\/\"]}]},{\"@type\":\"BreadcrumbList\",\"@id\":\"https:\\\/\\\/notes2conf.de\\\/en\\\/imprint\\\/#breadcrumb\",\"itemListElement\":[{\"@type\":\"ListItem\",\"position\":1,\"name\":\"Startseite\",\"item\":\"https:\\\/\\\/notes2conf.de\\\/en\\\/\"},{\"@type\":\"ListItem\",\"position\":2,\"name\":\"imprint\"}]},{\"@type\":\"WebSite\",\"@id\":\"https:\\\/\\\/notes2conf.de\\\/en\\\/#website\",\"url\":\"https:\\\/\\\/notes2conf.de\\\/en\\\/\",\"name\":\"Notes2conf\",\"description\":\"Video-Konferenzen direkt aus HCL Notes\\u2028\",\"publisher\":{\"@id\":\"https:\\\/\\\/notes2conf.de\\\/en\\\/#organization\"},\"potentialAction\":[{\"@type\":\"SearchAction\",\"target\":{\"@type\":\"EntryPoint\",\"urlTemplate\":\"https:\\\/\\\/notes2conf.de\\\/en\\\/?s={search_term_string}\"},\"query-input\":{\"@type\":\"PropertyValueSpecification\",\"valueRequired\":true,\"valueName\":\"search_term_string\"}}],\"inLanguage\":\"en-US\"},{\"@type\":\"Organization\",\"@id\":\"https:\\\/\\\/notes2conf.de\\\/en\\\/#organization\",\"name\":\"Notes2conf\",\"url\":\"https:\\\/\\\/notes2conf.de\\\/en\\\/\",\"logo\":{\"@type\":\"ImageObject\",\"inLanguage\":\"en-US\",\"@id\":\"https:\\\/\\\/notes2conf.de\\\/en\\\/#\\\/schema\\\/logo\\\/image\\\/\",\"url\":\"https:\\\/\\\/notes2conf.de\\\/wp-content\\\/uploads\\\/2020\\\/08\\\/logo-notes2conf-gelb-1.png\",\"contentUrl\":\"https:\\\/\\\/notes2conf.de\\\/wp-content\\\/uploads\\\/2020\\\/08\\\/logo-notes2conf-gelb-1.png\",\"width\":364,\"height\":74,\"caption\":\"Notes2conf\"},\"image\":{\"@id\":\"https:\\\/\\\/notes2conf.de\\\/en\\\/#\\\/schema\\\/logo\\\/image\\\/\"}}]}<\/script>\n<!-- \/ Yoast SEO Premium plugin. -->","yoast_head_json":{"title":"imprint - Notes2conf","robots":{"index":"index","follow":"follow","max-snippet":"max-snippet:-1","max-image-preview":"max-image-preview:large","max-video-preview":"max-video-preview:-1"},"canonical":"https:\/\/notes2conf.de\/en\/imprint\/","og_locale":"en_US","og_type":"article","og_title":"imprint","og_description":"[vc_row][vc_column width=&#8221;1\/2&#8243;][vc_column_text css=&#8221;.vc_custom_1598353575594{padding-top: 10px !important;padding-right: 10px !important;padding-bottom: 10px !important;padding-left: 10px !important;background-color: #f9f9f9 !important;}&#8221;]Notes2conf.de ist ein Projekt von: Diensteanbieter:\u00a0Dacher Systems GmbH Registiert unter:\u00a0HRB Berlin Charlottenburg 99129 Gesch\u00e4ftsf\u00fchrer:\u00a0Tiberius Dacher Anschrift:\u00a0Seeburger Str 25c 13581 Berlin elektronische Postadresse:\u00a0info@dacher-systems.de Schnelle elektronische und unmittelbare Kommunikation: Tel:&hellip;","og_url":"https:\/\/notes2conf.de\/en\/imprint\/","og_site_name":"Notes2conf","article_modified_time":"2020-10-12T12:34:12+00:00","twitter_card":"summary_large_image","twitter_misc":{"Est. reading time":"2 minutes"},"schema":{"@context":"https:\/\/schema.org","@graph":[{"@type":"WebPage","@id":"https:\/\/notes2conf.de\/en\/imprint\/","url":"https:\/\/notes2conf.de\/en\/imprint\/","name":"imprint - Notes2conf","isPartOf":{"@id":"https:\/\/notes2conf.de\/en\/#website"},"datePublished":"2020-07-06T13:33:36+00:00","dateModified":"2020-10-12T12:34:12+00:00","breadcrumb":{"@id":"https:\/\/notes2conf.de\/en\/imprint\/#breadcrumb"},"inLanguage":"en-US","potentialAction":[{"@type":"ReadAction","target":["https:\/\/notes2conf.de\/en\/imprint\/"]}]},{"@type":"BreadcrumbList","@id":"https:\/\/notes2conf.de\/en\/imprint\/#breadcrumb","itemListElement":[{"@type":"ListItem","position":1,"name":"Startseite","item":"https:\/\/notes2conf.de\/en\/"},{"@type":"ListItem","position":2,"name":"imprint"}]},{"@type":"WebSite","@id":"https:\/\/notes2conf.de\/en\/#website","url":"https:\/\/notes2conf.de\/en\/","name":"Notes2conf","description":"Video-Konferenzen direkt aus HCL Notes\u2028","publisher":{"@id":"https:\/\/notes2conf.de\/en\/#organization"},"potentialAction":[{"@type":"SearchAction","target":{"@type":"EntryPoint","urlTemplate":"https:\/\/notes2conf.de\/en\/?s={search_term_string}"},"query-input":{"@type":"PropertyValueSpecification","valueRequired":true,"valueName":"search_term_string"}}],"inLanguage":"en-US"},{"@type":"Organization","@id":"https:\/\/notes2conf.de\/en\/#organization","name":"Notes2conf","url":"https:\/\/notes2conf.de\/en\/","logo":{"@type":"ImageObject","inLanguage":"en-US","@id":"https:\/\/notes2conf.de\/en\/#\/schema\/logo\/image\/","url":"https:\/\/notes2conf.de\/wp-content\/uploads\/2020\/08\/logo-notes2conf-gelb-1.png","contentUrl":"https:\/\/notes2conf.de\/wp-content\/uploads\/2020\/08\/logo-notes2conf-gelb-1.png","width":364,"height":74,"caption":"Notes2conf"},"image":{"@id":"https:\/\/notes2conf.de\/en\/#\/schema\/logo\/image\/"}}]}},"_links":{"self":[{"href":"https:\/\/notes2conf.de\/en\/wp-json\/wp\/v2\/pages\/1240","targetHints":{"allow":["GET"]}}],"collection":[{"href":"https:\/\/notes2conf.de\/en\/wp-json\/wp\/v2\/pages"}],"about":[{"href":"https:\/\/notes2conf.de\/en\/wp-json\/wp\/v2\/types\/page"}],"author":[{"embeddable":true,"href":"https:\/\/notes2conf.de\/en\/wp-json\/wp\/v2\/users\/1"}],"replies":[{"embeddable":true,"href":"https:\/\/notes2conf.de\/en\/wp-json\/wp\/v2\/comments?post=1240"}],"version-history":[{"count":2,"href":"https:\/\/notes2conf.de\/en\/wp-json\/wp\/v2\/pages\/1240\/revisions"}],"predecessor-version":[{"id":1242,"href":"https:\/\/notes2conf.de\/en\/wp-json\/wp\/v2\/pages\/1240\/revisions\/1242"}],"wp:attachment":[{"href":"https:\/\/notes2conf.de\/en\/wp-json\/wp\/v2\/media?parent=1240"}],"curies":[{"name":"wp","href":"https:\/\/api.w.org\/{rel}","templated":true}]}}