{"id":1243,"date":"2020-07-06T13:34:24","date_gmt":"2020-07-06T13:34:24","guid":{"rendered":"https:\/\/notes2conf.de\/wiederruf\/"},"modified":"2020-10-12T14:34:53","modified_gmt":"2020-10-12T12:34:53","slug":"wiederruf","status":"publish","type":"page","link":"https:\/\/notes2conf.de\/en\/wiederruf\/","title":{"rendered":"Wiederruf"},"content":{"rendered":"[vc_row][vc_column][vc_column_text]\n<p class=\"p3\"><span class=\"s1\"><b>Widerrufsrecht<\/b><\/span><\/p>\n<p class=\"p3\"><span class=\"s1\">Sie haben das Recht, binnen vierzehn Tagen ohne Angabe von Gr\u00fcnden diesen Vertrag zu widerrufen.<\/span><\/p>\n<p class=\"p3\"><span class=\"s1\">Die Widerrufsfrist betr\u00e4gt vierzehn Tage ab dem Tag des Vertragsabschlusses.<\/span><\/p>\n<p class=\"p3\"><span class=\"s1\">Um Ihr Widerrufsrecht auszu\u00fcben, m\u00fcssen Sie uns (Dacher Systems GmbH, Seeburger Str 25c, 13581 Berlin, Tel: +49 (30) 3980091-15, Fax: +49 (30) 3980091-29, eMail: <a href=\"mailto:info@dacher-systems.de\"><span class=\"s2\">info@dacher-systems.de<\/span><\/a>) mittels einer eindeutigen Erkl\u00e4rung (z. B. ein mit der Post versandter Brief, Telefax oder E-Mail) \u00fcber Ihren Entschluss, diesen Vertrag zu widerrufen, informieren. Sie k\u00f6nnen daf\u00fcr das beigef\u00fcgte Muster-Widerrufsformular verwenden, das jedoch nicht vorgeschrieben ist.<\/span><\/p>\n<p class=\"p3\"><span class=\"s1\">Zur Wahrung der Widerrufsfrist reicht es aus, dass Sie die Mitteilung \u00fcber die Aus\u00fcbung des Widerrufsrechts vor Ablauf der Widerrufsfrist absenden.<\/span><\/p>\n<p class=\"p3\"><span class=\"s1\"><b>Folgen des Widerrufs<\/b><\/span><\/p>\n<p class=\"p3\"><span class=\"s1\">Wenn Sie diesen Vertrag widerrufen, haben wir Ihnen alle Zahlungen, die wir von Ihnen erhalten haben, einschlie\u00dflich der Lieferkosten (mit Ausnahme der zus\u00e4tzlichen Kosten, die sich daraus ergeben, dass Sie eine andere Art der Lieferung als die von uns angebotene, g\u00fcnstigste Standardlieferung gew\u00e4hlt haben), unverz\u00fcglich und sp\u00e4testens binnen vierzehn Tagen ab dem Tag zur\u00fcckzuzahlen, an dem die Mitteilung \u00fcber Ihren Widerruf dieses Vertrags bei uns eingegangen ist. F\u00fcr diese R\u00fcckzahlung verwenden wir dasselbe Zahlungsmittel, das Sie bei der urspr\u00fcnglichen Transaktion eingesetzt haben, es sei denn, mit Ihnen wurde ausdr\u00fccklich etwas anderes vereinbart; in keinem Fall werden Ihnen wegen dieser R\u00fcckzahlung Entgelte berechnet.<\/span><\/p>\n<p class=\"p3\"><span class=\"s1\"><b>Widerrufsformular<\/b><\/span><\/p>\n<p class=\"p3\"><span class=\"s1\">(Wenn Sie den Vertrag widerrufen wollen, dann f\u00fcllen Sie bitte dieses Formular aus und senden Sie es zur\u00fcck.)<\/span><\/p>\n<p class=\"p3\"><span class=\"s1\">\u2013An Dacher Systems GmbH, Seeburger Str 25c, 13581 Berlin, Tel: +49 (30) 3980091-15, Fax: +49 (30) 3980091-29, eMail: <a href=\"mailto:info@dacher-systems.de\"><span class=\"s2\">info@dacher-systems.de<\/span><\/a>) <\/span><\/p>\n<p class=\"p3\"><span class=\"s1\"> \u2013Hiermit widerrufe(n) ich\/wir (*) den von mir\/uns (*) abgeschlossenen Vertrag \u00fcber den Kauf der folgenden Waren (*)\/die Erbringung der folgenden Dienstleistung (*) <\/span><\/p>\n<p class=\"p3\"><span class=\"s1\">\u2013Bestellt am (*)\/erhalten am (*) <\/span><\/p>\n<p class=\"p3\"><span class=\"s1\">\u2013Name des\/der Verbraucher(s) <\/span><\/p>\n<p class=\"p3\"><span class=\"s1\">\u2013Anschrift des\/der Verbraucher(s) <\/span><\/p>\n<p class=\"p3\"><span class=\"s1\">\u2013Unterschrift des\/der Verbraucher(s) (nur bei Mitteilung auf Papier) <\/span><\/p>\n<p class=\"p3\"><span class=\"s1\">\u2013Datum ___________<\/span><\/p>\n<p class=\"p3\"><span class=\"s1\">(*) Unzutreffendes streichen.<\/span><\/p>\n[\/vc_column_text][\/vc_column][\/vc_row]\n","protected":false},"excerpt":{"rendered":"<p>[vc_row][vc_column][vc_column_text] Widerrufsrecht Sie haben das Recht, binnen vierzehn Tagen ohne Angabe von Gr\u00fcnden diesen Vertrag zu widerrufen. Die Widerrufsfrist betr\u00e4gt vierzehn Tage ab dem Tag des Vertragsabschlusses. Um Ihr Widerrufsrecht auszu\u00fcben, m\u00fcssen Sie uns (Dacher Systems GmbH, Seeburger Str 25c,&hellip;<\/p>\n","protected":false},"author":1,"featured_media":0,"parent":0,"menu_order":0,"comment_status":"closed","ping_status":"closed","template":"","meta":{"footnotes":""},"class_list":["post-1243","page","type-page","status-publish","hentry","entry","no-media"],"yoast_head":"<!-- This site is optimized with the Yoast SEO Premium plugin v25.5 (Yoast SEO v27.4) - https:\/\/yoast.com\/product\/yoast-seo-premium-wordpress\/ -->\n<title>Wiederruf - Notes2conf<\/title>\n<meta name=\"robots\" content=\"index, follow, max-snippet:-1, max-image-preview:large, max-video-preview:-1\" \/>\n<link rel=\"canonical\" href=\"https:\/\/notes2conf.de\/en\/wiederruf\/\" \/>\n<meta property=\"og:locale\" content=\"en_US\" \/>\n<meta property=\"og:type\" content=\"article\" \/>\n<meta property=\"og:title\" content=\"Wiederruf\" \/>\n<meta property=\"og:description\" content=\"[vc_row][vc_column][vc_column_text] Widerrufsrecht Sie haben das Recht, binnen vierzehn Tagen ohne Angabe von Gr\u00fcnden diesen Vertrag zu widerrufen. Die Widerrufsfrist betr\u00e4gt vierzehn Tage ab dem Tag des Vertragsabschlusses. Um Ihr Widerrufsrecht auszu\u00fcben, m\u00fcssen Sie uns (Dacher Systems GmbH, Seeburger Str 25c,&hellip;\" \/>\n<meta property=\"og:url\" content=\"https:\/\/notes2conf.de\/en\/wiederruf\/\" \/>\n<meta property=\"og:site_name\" content=\"Notes2conf\" \/>\n<meta property=\"article:modified_time\" content=\"2020-10-12T12:34:53+00:00\" \/>\n<meta name=\"twitter:card\" content=\"summary_large_image\" \/>\n<meta name=\"twitter:label1\" content=\"Est. reading time\" \/>\n\t<meta name=\"twitter:data1\" content=\"2 minutes\" \/>\n<script type=\"application\/ld+json\" class=\"yoast-schema-graph\">{\"@context\":\"https:\\\/\\\/schema.org\",\"@graph\":[{\"@type\":\"WebPage\",\"@id\":\"https:\\\/\\\/notes2conf.de\\\/en\\\/wiederruf\\\/\",\"url\":\"https:\\\/\\\/notes2conf.de\\\/en\\\/wiederruf\\\/\",\"name\":\"Wiederruf - Notes2conf\",\"isPartOf\":{\"@id\":\"https:\\\/\\\/notes2conf.de\\\/en\\\/#website\"},\"datePublished\":\"2020-07-06T13:34:24+00:00\",\"dateModified\":\"2020-10-12T12:34:53+00:00\",\"breadcrumb\":{\"@id\":\"https:\\\/\\\/notes2conf.de\\\/en\\\/wiederruf\\\/#breadcrumb\"},\"inLanguage\":\"en-US\",\"potentialAction\":[{\"@type\":\"ReadAction\",\"target\":[\"https:\\\/\\\/notes2conf.de\\\/en\\\/wiederruf\\\/\"]}]},{\"@type\":\"BreadcrumbList\",\"@id\":\"https:\\\/\\\/notes2conf.de\\\/en\\\/wiederruf\\\/#breadcrumb\",\"itemListElement\":[{\"@type\":\"ListItem\",\"position\":1,\"name\":\"Startseite\",\"item\":\"https:\\\/\\\/notes2conf.de\\\/en\\\/\"},{\"@type\":\"ListItem\",\"position\":2,\"name\":\"Wiederruf\"}]},{\"@type\":\"WebSite\",\"@id\":\"https:\\\/\\\/notes2conf.de\\\/en\\\/#website\",\"url\":\"https:\\\/\\\/notes2conf.de\\\/en\\\/\",\"name\":\"Notes2conf\",\"description\":\"Video-Konferenzen direkt aus HCL Notes\\u2028\",\"publisher\":{\"@id\":\"https:\\\/\\\/notes2conf.de\\\/en\\\/#organization\"},\"potentialAction\":[{\"@type\":\"SearchAction\",\"target\":{\"@type\":\"EntryPoint\",\"urlTemplate\":\"https:\\\/\\\/notes2conf.de\\\/en\\\/?s={search_term_string}\"},\"query-input\":{\"@type\":\"PropertyValueSpecification\",\"valueRequired\":true,\"valueName\":\"search_term_string\"}}],\"inLanguage\":\"en-US\"},{\"@type\":\"Organization\",\"@id\":\"https:\\\/\\\/notes2conf.de\\\/en\\\/#organization\",\"name\":\"Notes2conf\",\"url\":\"https:\\\/\\\/notes2conf.de\\\/en\\\/\",\"logo\":{\"@type\":\"ImageObject\",\"inLanguage\":\"en-US\",\"@id\":\"https:\\\/\\\/notes2conf.de\\\/en\\\/#\\\/schema\\\/logo\\\/image\\\/\",\"url\":\"https:\\\/\\\/notes2conf.de\\\/wp-content\\\/uploads\\\/2020\\\/08\\\/logo-notes2conf-gelb-1.png\",\"contentUrl\":\"https:\\\/\\\/notes2conf.de\\\/wp-content\\\/uploads\\\/2020\\\/08\\\/logo-notes2conf-gelb-1.png\",\"width\":364,\"height\":74,\"caption\":\"Notes2conf\"},\"image\":{\"@id\":\"https:\\\/\\\/notes2conf.de\\\/en\\\/#\\\/schema\\\/logo\\\/image\\\/\"}}]}<\/script>\n<!-- \/ Yoast SEO Premium plugin. -->","yoast_head_json":{"title":"Wiederruf - Notes2conf","robots":{"index":"index","follow":"follow","max-snippet":"max-snippet:-1","max-image-preview":"max-image-preview:large","max-video-preview":"max-video-preview:-1"},"canonical":"https:\/\/notes2conf.de\/en\/wiederruf\/","og_locale":"en_US","og_type":"article","og_title":"Wiederruf","og_description":"[vc_row][vc_column][vc_column_text] Widerrufsrecht Sie haben das Recht, binnen vierzehn Tagen ohne Angabe von Gr\u00fcnden diesen Vertrag zu widerrufen. Die Widerrufsfrist betr\u00e4gt vierzehn Tage ab dem Tag des Vertragsabschlusses. Um Ihr Widerrufsrecht auszu\u00fcben, m\u00fcssen Sie uns (Dacher Systems GmbH, Seeburger Str 25c,&hellip;","og_url":"https:\/\/notes2conf.de\/en\/wiederruf\/","og_site_name":"Notes2conf","article_modified_time":"2020-10-12T12:34:53+00:00","twitter_card":"summary_large_image","twitter_misc":{"Est. reading time":"2 minutes"},"schema":{"@context":"https:\/\/schema.org","@graph":[{"@type":"WebPage","@id":"https:\/\/notes2conf.de\/en\/wiederruf\/","url":"https:\/\/notes2conf.de\/en\/wiederruf\/","name":"Wiederruf - Notes2conf","isPartOf":{"@id":"https:\/\/notes2conf.de\/en\/#website"},"datePublished":"2020-07-06T13:34:24+00:00","dateModified":"2020-10-12T12:34:53+00:00","breadcrumb":{"@id":"https:\/\/notes2conf.de\/en\/wiederruf\/#breadcrumb"},"inLanguage":"en-US","potentialAction":[{"@type":"ReadAction","target":["https:\/\/notes2conf.de\/en\/wiederruf\/"]}]},{"@type":"BreadcrumbList","@id":"https:\/\/notes2conf.de\/en\/wiederruf\/#breadcrumb","itemListElement":[{"@type":"ListItem","position":1,"name":"Startseite","item":"https:\/\/notes2conf.de\/en\/"},{"@type":"ListItem","position":2,"name":"Wiederruf"}]},{"@type":"WebSite","@id":"https:\/\/notes2conf.de\/en\/#website","url":"https:\/\/notes2conf.de\/en\/","name":"Notes2conf","description":"Video-Konferenzen direkt aus HCL Notes\u2028","publisher":{"@id":"https:\/\/notes2conf.de\/en\/#organization"},"potentialAction":[{"@type":"SearchAction","target":{"@type":"EntryPoint","urlTemplate":"https:\/\/notes2conf.de\/en\/?s={search_term_string}"},"query-input":{"@type":"PropertyValueSpecification","valueRequired":true,"valueName":"search_term_string"}}],"inLanguage":"en-US"},{"@type":"Organization","@id":"https:\/\/notes2conf.de\/en\/#organization","name":"Notes2conf","url":"https:\/\/notes2conf.de\/en\/","logo":{"@type":"ImageObject","inLanguage":"en-US","@id":"https:\/\/notes2conf.de\/en\/#\/schema\/logo\/image\/","url":"https:\/\/notes2conf.de\/wp-content\/uploads\/2020\/08\/logo-notes2conf-gelb-1.png","contentUrl":"https:\/\/notes2conf.de\/wp-content\/uploads\/2020\/08\/logo-notes2conf-gelb-1.png","width":364,"height":74,"caption":"Notes2conf"},"image":{"@id":"https:\/\/notes2conf.de\/en\/#\/schema\/logo\/image\/"}}]}},"_links":{"self":[{"href":"https:\/\/notes2conf.de\/en\/wp-json\/wp\/v2\/pages\/1243","targetHints":{"allow":["GET"]}}],"collection":[{"href":"https:\/\/notes2conf.de\/en\/wp-json\/wp\/v2\/pages"}],"about":[{"href":"https:\/\/notes2conf.de\/en\/wp-json\/wp\/v2\/types\/page"}],"author":[{"embeddable":true,"href":"https:\/\/notes2conf.de\/en\/wp-json\/wp\/v2\/users\/1"}],"replies":[{"embeddable":true,"href":"https:\/\/notes2conf.de\/en\/wp-json\/wp\/v2\/comments?post=1243"}],"version-history":[{"count":1,"href":"https:\/\/notes2conf.de\/en\/wp-json\/wp\/v2\/pages\/1243\/revisions"}],"predecessor-version":[{"id":1244,"href":"https:\/\/notes2conf.de\/en\/wp-json\/wp\/v2\/pages\/1243\/revisions\/1244"}],"wp:attachment":[{"href":"https:\/\/notes2conf.de\/en\/wp-json\/wp\/v2\/media?parent=1243"}],"curies":[{"name":"wp","href":"https:\/\/api.w.org\/{rel}","templated":true}]}}