{"id":1245,"date":"2020-09-02T10:03:42","date_gmt":"2020-09-02T10:03:42","guid":{"rendered":"https:\/\/notes2conf.de\/ueber-uns\/"},"modified":"2020-10-12T14:56:28","modified_gmt":"2020-10-12T12:56:28","slug":"about-us","status":"publish","type":"page","link":"https:\/\/notes2conf.de\/en\/about-us\/","title":{"rendered":"About us"},"content":{"rendered":"[vc_row full_width=&#8221;stretch_row&#8221; css=&#8221;.vc_custom_1599040318848{background-color: #ffffff !important;}&#8221;][vc_column][vc_empty_space][vc_column_text]\n<p class=\"p1\"><span class=\"s1\">Die Dacher-Systems GmbH wurde im Jahre 2005 von dem jetzigen Gesch\u00e4ftsf\u00fchrer Tiberius Dacher gegr\u00fcndet. Bereits vor 15 Jahren haben wir in Rum\u00e4nien unser Nearshore Center in Kronstadt\/Brasov gegr\u00fcndet, um der gestiegenen Nachfrage nach Individualsoftware Rechnung zu tragen. Seither betreuen wir aus unserem Nearshore Center heraus mehrere national und international agierende Unternehmen. So bieten wir etwa Anwendungs-entwicklung und -modernisierung an, aber auch Application Services und Maintenance durch unseren ma\u00dfgeschneiderten Support. <\/span><\/p>\n<p class=\"p1\"><span class=\"s1\">Notes2conf entstand durch die vielen Anfragen unserer Kunden w\u00e4hrend der Pandemie, wo Videokonferenzsysteme nicht aus dem Notes Client heraus ansprechbar waren. Aus dieser Idee ist das Produkt Notes2conf entstanden und wird aktuell st\u00e4ndig weiterentwickelt, um so das Spektrum der am Markt verf\u00fcgbaren Systeme nahtlos in den Notes Client zu integrieren.<\/span><\/p>\n[\/vc_column_text][\/vc_column][\/vc_row][vc_row][vc_column][vc_empty_space][\/vc_column][\/vc_row]\n","protected":false},"excerpt":{"rendered":"<p>[vc_row full_width=&#8221;stretch_row&#8221; css=&#8221;.vc_custom_1599040318848{background-color: #ffffff !important;}&#8221;][vc_column][vc_empty_space][vc_column_text] Die Dacher-Systems GmbH wurde im Jahre 2005 von dem jetzigen Gesch\u00e4ftsf\u00fchrer Tiberius Dacher gegr\u00fcndet. Bereits vor 15 Jahren haben wir in Rum\u00e4nien unser Nearshore Center in Kronstadt\/Brasov gegr\u00fcndet, um der gestiegenen Nachfrage nach Individualsoftware Rechnung&hellip;<\/p>\n","protected":false},"author":1,"featured_media":0,"parent":0,"menu_order":0,"comment_status":"closed","ping_status":"closed","template":"","meta":{"footnotes":""},"class_list":["post-1245","page","type-page","status-publish","hentry","entry","no-media"],"yoast_head":"<!-- This site is optimized with the Yoast SEO Premium plugin v25.5 (Yoast SEO v27.3) - https:\/\/yoast.com\/product\/yoast-seo-premium-wordpress\/ -->\n<title>About us - Notes2conf<\/title>\n<meta name=\"robots\" content=\"index, follow, max-snippet:-1, max-image-preview:large, max-video-preview:-1\" \/>\n<link rel=\"canonical\" href=\"https:\/\/notes2conf.de\/en\/about-us\/\" \/>\n<meta property=\"og:locale\" content=\"en_US\" \/>\n<meta property=\"og:type\" content=\"article\" \/>\n<meta property=\"og:title\" content=\"About us\" \/>\n<meta property=\"og:description\" content=\"[vc_row full_width=&#8221;stretch_row&#8221; css=&#8221;.vc_custom_1599040318848{background-color: #ffffff !important;}&#8221;][vc_column][vc_empty_space][vc_column_text] Die Dacher-Systems GmbH wurde im Jahre 2005 von dem jetzigen Gesch\u00e4ftsf\u00fchrer Tiberius Dacher gegr\u00fcndet. Bereits vor 15 Jahren haben wir in Rum\u00e4nien unser Nearshore Center in Kronstadt\/Brasov gegr\u00fcndet, um der gestiegenen Nachfrage nach Individualsoftware Rechnung&hellip;\" \/>\n<meta property=\"og:url\" content=\"https:\/\/notes2conf.de\/en\/about-us\/\" \/>\n<meta property=\"og:site_name\" content=\"Notes2conf\" \/>\n<meta property=\"article:modified_time\" content=\"2020-10-12T12:56:28+00:00\" \/>\n<meta name=\"twitter:card\" content=\"summary_large_image\" \/>\n<meta name=\"twitter:label1\" content=\"Est. reading time\" \/>\n\t<meta name=\"twitter:data1\" content=\"1 minute\" \/>\n<script type=\"application\/ld+json\" class=\"yoast-schema-graph\">{\"@context\":\"https:\\\/\\\/schema.org\",\"@graph\":[{\"@type\":\"WebPage\",\"@id\":\"https:\\\/\\\/notes2conf.de\\\/en\\\/about-us\\\/\",\"url\":\"https:\\\/\\\/notes2conf.de\\\/en\\\/about-us\\\/\",\"name\":\"About us - Notes2conf\",\"isPartOf\":{\"@id\":\"https:\\\/\\\/notes2conf.de\\\/en\\\/#website\"},\"datePublished\":\"2020-09-02T10:03:42+00:00\",\"dateModified\":\"2020-10-12T12:56:28+00:00\",\"breadcrumb\":{\"@id\":\"https:\\\/\\\/notes2conf.de\\\/en\\\/about-us\\\/#breadcrumb\"},\"inLanguage\":\"en-US\",\"potentialAction\":[{\"@type\":\"ReadAction\",\"target\":[\"https:\\\/\\\/notes2conf.de\\\/en\\\/about-us\\\/\"]}]},{\"@type\":\"BreadcrumbList\",\"@id\":\"https:\\\/\\\/notes2conf.de\\\/en\\\/about-us\\\/#breadcrumb\",\"itemListElement\":[{\"@type\":\"ListItem\",\"position\":1,\"name\":\"Startseite\",\"item\":\"https:\\\/\\\/notes2conf.de\\\/en\\\/\"},{\"@type\":\"ListItem\",\"position\":2,\"name\":\"About us\"}]},{\"@type\":\"WebSite\",\"@id\":\"https:\\\/\\\/notes2conf.de\\\/en\\\/#website\",\"url\":\"https:\\\/\\\/notes2conf.de\\\/en\\\/\",\"name\":\"Notes2conf\",\"description\":\"Video-Konferenzen direkt aus HCL Notes\\u2028\",\"publisher\":{\"@id\":\"https:\\\/\\\/notes2conf.de\\\/en\\\/#organization\"},\"potentialAction\":[{\"@type\":\"SearchAction\",\"target\":{\"@type\":\"EntryPoint\",\"urlTemplate\":\"https:\\\/\\\/notes2conf.de\\\/en\\\/?s={search_term_string}\"},\"query-input\":{\"@type\":\"PropertyValueSpecification\",\"valueRequired\":true,\"valueName\":\"search_term_string\"}}],\"inLanguage\":\"en-US\"},{\"@type\":\"Organization\",\"@id\":\"https:\\\/\\\/notes2conf.de\\\/en\\\/#organization\",\"name\":\"Notes2conf\",\"url\":\"https:\\\/\\\/notes2conf.de\\\/en\\\/\",\"logo\":{\"@type\":\"ImageObject\",\"inLanguage\":\"en-US\",\"@id\":\"https:\\\/\\\/notes2conf.de\\\/en\\\/#\\\/schema\\\/logo\\\/image\\\/\",\"url\":\"https:\\\/\\\/notes2conf.de\\\/wp-content\\\/uploads\\\/2020\\\/08\\\/logo-notes2conf-gelb-1.png\",\"contentUrl\":\"https:\\\/\\\/notes2conf.de\\\/wp-content\\\/uploads\\\/2020\\\/08\\\/logo-notes2conf-gelb-1.png\",\"width\":364,\"height\":74,\"caption\":\"Notes2conf\"},\"image\":{\"@id\":\"https:\\\/\\\/notes2conf.de\\\/en\\\/#\\\/schema\\\/logo\\\/image\\\/\"}}]}<\/script>\n<!-- \/ Yoast SEO Premium plugin. -->","yoast_head_json":{"title":"About us - Notes2conf","robots":{"index":"index","follow":"follow","max-snippet":"max-snippet:-1","max-image-preview":"max-image-preview:large","max-video-preview":"max-video-preview:-1"},"canonical":"https:\/\/notes2conf.de\/en\/about-us\/","og_locale":"en_US","og_type":"article","og_title":"About us","og_description":"[vc_row full_width=&#8221;stretch_row&#8221; css=&#8221;.vc_custom_1599040318848{background-color: #ffffff !important;}&#8221;][vc_column][vc_empty_space][vc_column_text] Die Dacher-Systems GmbH wurde im Jahre 2005 von dem jetzigen Gesch\u00e4ftsf\u00fchrer Tiberius Dacher gegr\u00fcndet. Bereits vor 15 Jahren haben wir in Rum\u00e4nien unser Nearshore Center in Kronstadt\/Brasov gegr\u00fcndet, um der gestiegenen Nachfrage nach Individualsoftware Rechnung&hellip;","og_url":"https:\/\/notes2conf.de\/en\/about-us\/","og_site_name":"Notes2conf","article_modified_time":"2020-10-12T12:56:28+00:00","twitter_card":"summary_large_image","twitter_misc":{"Est. reading time":"1 minute"},"schema":{"@context":"https:\/\/schema.org","@graph":[{"@type":"WebPage","@id":"https:\/\/notes2conf.de\/en\/about-us\/","url":"https:\/\/notes2conf.de\/en\/about-us\/","name":"About us - Notes2conf","isPartOf":{"@id":"https:\/\/notes2conf.de\/en\/#website"},"datePublished":"2020-09-02T10:03:42+00:00","dateModified":"2020-10-12T12:56:28+00:00","breadcrumb":{"@id":"https:\/\/notes2conf.de\/en\/about-us\/#breadcrumb"},"inLanguage":"en-US","potentialAction":[{"@type":"ReadAction","target":["https:\/\/notes2conf.de\/en\/about-us\/"]}]},{"@type":"BreadcrumbList","@id":"https:\/\/notes2conf.de\/en\/about-us\/#breadcrumb","itemListElement":[{"@type":"ListItem","position":1,"name":"Startseite","item":"https:\/\/notes2conf.de\/en\/"},{"@type":"ListItem","position":2,"name":"About us"}]},{"@type":"WebSite","@id":"https:\/\/notes2conf.de\/en\/#website","url":"https:\/\/notes2conf.de\/en\/","name":"Notes2conf","description":"Video-Konferenzen direkt aus HCL Notes\u2028","publisher":{"@id":"https:\/\/notes2conf.de\/en\/#organization"},"potentialAction":[{"@type":"SearchAction","target":{"@type":"EntryPoint","urlTemplate":"https:\/\/notes2conf.de\/en\/?s={search_term_string}"},"query-input":{"@type":"PropertyValueSpecification","valueRequired":true,"valueName":"search_term_string"}}],"inLanguage":"en-US"},{"@type":"Organization","@id":"https:\/\/notes2conf.de\/en\/#organization","name":"Notes2conf","url":"https:\/\/notes2conf.de\/en\/","logo":{"@type":"ImageObject","inLanguage":"en-US","@id":"https:\/\/notes2conf.de\/en\/#\/schema\/logo\/image\/","url":"https:\/\/notes2conf.de\/wp-content\/uploads\/2020\/08\/logo-notes2conf-gelb-1.png","contentUrl":"https:\/\/notes2conf.de\/wp-content\/uploads\/2020\/08\/logo-notes2conf-gelb-1.png","width":364,"height":74,"caption":"Notes2conf"},"image":{"@id":"https:\/\/notes2conf.de\/en\/#\/schema\/logo\/image\/"}}]}},"_links":{"self":[{"href":"https:\/\/notes2conf.de\/en\/wp-json\/wp\/v2\/pages\/1245","targetHints":{"allow":["GET"]}}],"collection":[{"href":"https:\/\/notes2conf.de\/en\/wp-json\/wp\/v2\/pages"}],"about":[{"href":"https:\/\/notes2conf.de\/en\/wp-json\/wp\/v2\/types\/page"}],"author":[{"embeddable":true,"href":"https:\/\/notes2conf.de\/en\/wp-json\/wp\/v2\/users\/1"}],"replies":[{"embeddable":true,"href":"https:\/\/notes2conf.de\/en\/wp-json\/wp\/v2\/comments?post=1245"}],"version-history":[{"count":2,"href":"https:\/\/notes2conf.de\/en\/wp-json\/wp\/v2\/pages\/1245\/revisions"}],"predecessor-version":[{"id":1250,"href":"https:\/\/notes2conf.de\/en\/wp-json\/wp\/v2\/pages\/1245\/revisions\/1250"}],"wp:attachment":[{"href":"https:\/\/notes2conf.de\/en\/wp-json\/wp\/v2\/media?parent=1245"}],"curies":[{"name":"wp","href":"https:\/\/api.w.org\/{rel}","templated":true}]}}